{"id":332,"date":"2024-07-02T02:05:56","date_gmt":"2024-07-02T00:05:56","guid":{"rendered":"https:\/\/talleresboadilla.com\/?page_id=332"},"modified":"2024-07-02T02:07:49","modified_gmt":"2024-07-02T00:07:49","slug":"accessibility","status":"publish","type":"page","link":"https:\/\/talleresboadilla.com\/en\/accessibility\/","title":{"rendered":"Accessibility"},"content":{"rendered":"\t\t<div data-elementor-type=\"wp-page\" data-elementor-id=\"332\" class=\"elementor elementor-332\" data-elementor-post-type=\"page\">\n\t\t\t\t<div class=\"elementor-element elementor-element-2708ce51 e-flex e-con-boxed e-con e-parent\" data-id=\"2708ce51\" data-element_type=\"container\" data-e-type=\"container\">\n\t\t\t\t\t<div class=\"e-con-inner\">\n\t\t\t\t<div class=\"elementor-element elementor-element-4530a136 elementor-widget elementor-widget-heading\" data-id=\"4530a136\" data-element_type=\"widget\" data-e-type=\"widget\" data-widget_type=\"heading.default\">\n\t\t\t\t<div class=\"elementor-widget-container\">\n\t\t\t\t\t<h2 class=\"elementor-heading-title elementor-size-default\">Pol\u00edtica de Accesibilidad<\/h2>\t\t\t\t<\/div>\n\t\t\t\t<\/div>\n\t\t\t\t<div class=\"elementor-element elementor-element-3ad2c35 elementor-widget elementor-widget-text-editor\" data-id=\"3ad2c35\" data-element_type=\"widget\" data-e-type=\"widget\" data-widget_type=\"text-editor.default\">\n\t\t\t\t<div class=\"elementor-widget-container\">\n\t\t\t\t\t\t\t\t\t<div class=\"flex flex-grow flex-col max-w-full\"><div class=\"min-h-[20px] text-message flex flex-col items-start whitespace-pre-wrap break-words [.text-message+&amp;]:mt-5 juice:w-full juice:items-end overflow-x-auto gap-2\" dir=\"auto\" data-message-author-role=\"assistant\" data-message-id=\"5ac1e020-1978-467b-85cc-97c019611d16\"><div class=\"flex w-full flex-col gap-1 juice:empty:hidden juice:first:pt-[3px]\"><div class=\"markdown prose w-full break-words dark:prose-invert dark\"><p>En Talleres Boadilla nos comprometemos a hacer accesible nuestro sitio web de acuerdo con el Real Decreto 1112\/2018, de 7 de septiembre, sobre accesibilidad de los sitios web y aplicaciones para dispositivos m\u00f3viles del sector p\u00fablico y cumplir as\u00ed con la Ley 34\/2002, de 11 de julio, de servicios de la sociedad de la informaci\u00f3n y de comercio electr\u00f3nico.<\/p><h4>Compromiso con la Accesibilidad<\/h4><p>Talleres Boadilla est\u00e1 trabajando para hacer accesible este sitio web a personas con discapacidades, garantizando que todos los usuarios puedan acceder a la informaci\u00f3n y los servicios que ofrecemos de manera f\u00e1cil y c\u00f3moda.<\/p><h4>Medidas Adoptadas<\/h4><p>Para cumplir con nuestro compromiso, hemos implementado las siguientes medidas:<\/p><ul><li><p><strong>Dise\u00f1o Responsivo:<\/strong> El sitio web est\u00e1 dise\u00f1ado para ser accesible desde una variedad de dispositivos, incluyendo ordenadores de escritorio, tabletas y tel\u00e9fonos m\u00f3viles.<\/p><\/li><li><p><strong>Compatibilidad con Tecnolog\u00edas de Asistencia:<\/strong> Hemos optimizado el sitio web para ser compatible con tecnolog\u00edas de asistencia, como lectores de pantalla, para facilitar la navegaci\u00f3n a personas con discapacidades visuales.<\/p><\/li><li><p><strong>Navegaci\u00f3n Intuitiva:<\/strong> Hemos estructurado el sitio web con una navegaci\u00f3n clara y consistente, utilizando etiquetas y descripciones adecuadas para facilitar la comprensi\u00f3n y navegaci\u00f3n por parte de todos los usuarios.<\/p><\/li><\/ul><h4>Mejora Continua<\/h4><p>Estamos comprometidos con la mejora continua de la accesibilidad de nuestro sitio web. Realizamos evaluaciones peri\u00f3dicas para identificar \u00e1reas de mejora y estamos abiertos a recibir comentarios y sugerencias de los usuarios sobre c\u00f3mo podemos hacer que nuestro sitio web sea m\u00e1s accesible.<\/p><h4>Contacto<\/h4><p>Si encuentras alguna barrera de accesibilidad en nuestro sitio web o tienes alguna pregunta o sugerencia sobre accesibilidad, por favor, cont\u00e1ctanos a trav\u00e9s del correo electr\u00f3nico <a rel=\"noreferrer\">info@talleresboadilla.com<\/a>. Estaremos encantados de ayudarte y trabajar para mejorar la accesibilidad de nuestro sitio web.<\/p><p>Esta Pol\u00edtica de Accesibilidad ha sido actualizada en la fecha de hoy.<\/p><\/div><\/div><\/div><\/div>\t\t\t\t\t\t\t\t<\/div>\n\t\t\t\t<\/div>\n\t\t\t\t\t<\/div>\n\t\t\t\t<\/div>\n\t\t\t\t<\/div>\n\t\t","protected":false},"excerpt":{"rendered":"<p>Pol\u00edtica de Accesibilidad En Talleres Boadilla nos comprometemos a hacer accesible nuestro sitio web de acuerdo con el Real Decreto 1112\/2018, de 7 de septiembre, sobre accesibilidad de los sitios web y aplicaciones para dispositivos m\u00f3viles del sector p\u00fablico y cumplir as\u00ed con la Ley 34\/2002, de 11 de julio, de servicios de la sociedad [&hellip;]<\/p>\n","protected":false},"author":1,"featured_media":0,"parent":0,"menu_order":0,"comment_status":"closed","ping_status":"closed","template":"","meta":{"_joinchat":[],"footnotes":""},"class_list":["post-332","page","type-page","status-publish","hentry"],"_links":{"self":[{"href":"https:\/\/talleresboadilla.com\/en\/wp-json\/wp\/v2\/pages\/332","targetHints":{"allow":["GET"]}}],"collection":[{"href":"https:\/\/talleresboadilla.com\/en\/wp-json\/wp\/v2\/pages"}],"about":[{"href":"https:\/\/talleresboadilla.com\/en\/wp-json\/wp\/v2\/types\/page"}],"author":[{"embeddable":true,"href":"https:\/\/talleresboadilla.com\/en\/wp-json\/wp\/v2\/users\/1"}],"replies":[{"embeddable":true,"href":"https:\/\/talleresboadilla.com\/en\/wp-json\/wp\/v2\/comments?post=332"}],"version-history":[{"count":5,"href":"https:\/\/talleresboadilla.com\/en\/wp-json\/wp\/v2\/pages\/332\/revisions"}],"predecessor-version":[{"id":338,"href":"https:\/\/talleresboadilla.com\/en\/wp-json\/wp\/v2\/pages\/332\/revisions\/338"}],"wp:attachment":[{"href":"https:\/\/talleresboadilla.com\/en\/wp-json\/wp\/v2\/media?parent=332"}],"curies":[{"name":"wp","href":"https:\/\/api.w.org\/{rel}","templated":true}]}}