{"id":326,"date":"2024-07-02T02:04:18","date_gmt":"2024-07-02T00:04:18","guid":{"rendered":"https:\/\/talleresboadilla.com\/?page_id=326"},"modified":"2024-07-02T02:05:14","modified_gmt":"2024-07-02T00:05:14","slug":"cookie-policy","status":"publish","type":"page","link":"https:\/\/talleresboadilla.com\/en\/cookie-policy\/","title":{"rendered":"Cookies policy"},"content":{"rendered":"<div data-elementor-type=\"wp-page\" data-elementor-id=\"326\" class=\"elementor elementor-326\" data-elementor-post-type=\"page\">\n\t\t\t\t<div class=\"elementor-element elementor-element-c953853 e-flex e-con-boxed e-con e-parent\" data-id=\"c953853\" data-element_type=\"container\" data-e-type=\"container\">\n\t\t\t\t\t<div class=\"e-con-inner\">\n\t\t\t\t<div class=\"elementor-element elementor-element-7c18656 elementor-widget elementor-widget-heading\" data-id=\"7c18656\" data-element_type=\"widget\" data-e-type=\"widget\" data-widget_type=\"heading.default\">\n\t\t\t\t<div class=\"elementor-widget-container\">\n\t\t\t\t\t<h2 class=\"elementor-heading-title elementor-size-default\">Cookie Policy<\/h2>\t\t\t\t<\/div>\n\t\t\t\t<\/div>\n\t\t\t\t<div class=\"elementor-element elementor-element-1bc2743 elementor-widget elementor-widget-text-editor\" data-id=\"1bc2743\" data-element_type=\"widget\" data-e-type=\"widget\" data-widget_type=\"text-editor.default\">\n\t\t\t\t<div class=\"elementor-widget-container\">\n\t\t\t\t\t\t\t\t\t<p>In compliance with the provisions of article 22.2 of Law 34\/2002, on Information Society Services and Electronic Commerce (LSSI-CE), and in accordance with European regulations on personal data protection, users are informed that this website uses cookies or other information storage and retrieval devices to track user interactions in order to improve their browsing experience and offer a personalised service.<\/p><h4>Definition and Function of Cookies<\/h4><p>Cookies are small text files that the website sends to the browser and are stored on the user's device (computer, mobile phone, tablet) in order to store and retrieve information about the browsing done from that device. These files allow the website to remember user preferences and experiences in order to improve the quality of the service offered.<\/p><h4>Types of Cookies Used<\/h4><ul><li><p><strong>Technical Cookies:<\/strong> These are those necessary for browsing and the correct functioning of the website.<\/p><\/li><li><p><strong>Analytics Cookies:<\/strong> They allow the monitoring and analysis of user behaviour on the website. The information collected through this type of cookies is used to measure the activity of the website, in order to introduce improvements based on the analysis of the data on the use made by users of the service.<\/p><\/li><\/ul><h4>Cookie Management and Configuration<\/h4><p>The user can configure their browser to accept, block or delete cookies installed on their device by configuring the browser options installed on their device. If you do not allow the installation of cookies on your browser, you may not be able to access some of the services and your experience on our website may be less satisfactory.<\/p><h4>Consent<\/h4><p>By browsing this website, the user expressly and unreservedly accepts the installation of cookies on their device.<\/p><h4>Modification of the Cookies Policy<\/h4><p>The website manager reserves the right to modify this Cookies Policy to adapt it to future legislative, jurisprudential or technical developments that may affect the use of cookies by users. In the event of modifications, updates will be published on this page.<\/p><h4>Further information<\/h4><p>If you have any further questions about the use of cookies, you can contact us via email at <a rel=\"noreferrer\">info@talleresboadilla.com<\/a>.<\/p><p>This Cookie Policy has been updated as of today's date.<\/p>\t\t\t\t\t\t\t\t<\/div>\n\t\t\t\t<\/div>\n\t\t\t\t\t<\/div>\n\t\t\t\t<\/div>\n\t\t\t\t<\/div>","protected":false},"excerpt":{"rendered":"<p>Pol\u00edtica de Cookies En cumplimiento con lo establecido en el art\u00edculo 22.2 de la Ley 34\/2002, de Servicios de la Sociedad de la Informaci\u00f3n y Comercio Electr\u00f3nico (LSSI-CE), y en adecuaci\u00f3n con la normativa europea en materia de protecci\u00f3n de datos personales, se informa a los usuarios que este sitio web utiliza cookies u otros [&hellip;]<\/p>\n","protected":false},"author":1,"featured_media":0,"parent":0,"menu_order":0,"comment_status":"closed","ping_status":"closed","template":"","meta":{"_joinchat":[],"footnotes":""},"class_list":["post-326","page","type-page","status-publish","hentry"],"_links":{"self":[{"href":"https:\/\/talleresboadilla.com\/en\/wp-json\/wp\/v2\/pages\/326","targetHints":{"allow":["GET"]}}],"collection":[{"href":"https:\/\/talleresboadilla.com\/en\/wp-json\/wp\/v2\/pages"}],"about":[{"href":"https:\/\/talleresboadilla.com\/en\/wp-json\/wp\/v2\/types\/page"}],"author":[{"embeddable":true,"href":"https:\/\/talleresboadilla.com\/en\/wp-json\/wp\/v2\/users\/1"}],"replies":[{"embeddable":true,"href":"https:\/\/talleresboadilla.com\/en\/wp-json\/wp\/v2\/comments?post=326"}],"version-history":[{"count":4,"href":"https:\/\/talleresboadilla.com\/en\/wp-json\/wp\/v2\/pages\/326\/revisions"}],"predecessor-version":[{"id":331,"href":"https:\/\/talleresboadilla.com\/en\/wp-json\/wp\/v2\/pages\/326\/revisions\/331"}],"wp:attachment":[{"href":"https:\/\/talleresboadilla.com\/en\/wp-json\/wp\/v2\/media?parent=326"}],"curies":[{"name":"wp","href":"https:\/\/api.w.org\/{rel}","templated":true}]}}