{"id":322,"date":"2024-07-02T02:03:05","date_gmt":"2024-07-02T00:03:05","guid":{"rendered":"https:\/\/talleresboadilla.com\/?page_id=322"},"modified":"2024-07-02T02:03:25","modified_gmt":"2024-07-02T00:03:25","slug":"privacy-policy","status":"publish","type":"page","link":"https:\/\/talleresboadilla.com\/en\/privacy-policy\/","title":{"rendered":"Privacy policy"},"content":{"rendered":"<div data-elementor-type=\"wp-page\" data-elementor-id=\"322\" class=\"elementor elementor-322\" data-elementor-post-type=\"page\">\n\t\t\t\t<div class=\"elementor-element elementor-element-324b505b e-flex e-con-boxed e-con e-parent\" data-id=\"324b505b\" data-element_type=\"container\" data-e-type=\"container\">\n\t\t\t\t\t<div class=\"e-con-inner\">\n\t\t\t\t<div class=\"elementor-element elementor-element-7efc3e68 elementor-widget elementor-widget-heading\" data-id=\"7efc3e68\" data-element_type=\"widget\" data-e-type=\"widget\" data-widget_type=\"heading.default\">\n\t\t\t\t<div class=\"elementor-widget-container\">\n\t\t\t\t\t<h2 class=\"elementor-heading-title elementor-size-default\">Privacy policy<\/h2>\t\t\t\t<\/div>\n\t\t\t\t<\/div>\n\t\t\t\t<div class=\"elementor-element elementor-element-4a3874d6 elementor-widget elementor-widget-text-editor\" data-id=\"4a3874d6\" data-element_type=\"widget\" data-e-type=\"widget\" data-widget_type=\"text-editor.default\">\n\t\t\t\t<div class=\"elementor-widget-container\">\n\t\t\t\t\t\t\t\t\t<p>In compliance with the provisions of current legislation on personal data protection, users are informed that the personal data collected through the contact forms available on this website will be processed in accordance with the provisions of this Privacy Policy.<\/p><h4>Controller of Personal Data Processing<\/h4><p><strong>Responsible:<\/strong> Half4Home SL<br \/><strong>NIF:<\/strong> 53394340R<br \/><strong>Trade Name:<\/strong> Boadilla Workshops<br \/><strong>Registered Office:<\/strong> Avenida Arroyo Molinos 13, esquina Chinch\u00f3n 15, Pol\u00edgono Industrial Ventorro del Cano, 28925 Alcorc\u00f3n, Madrid<br \/><strong>Contact Email:<\/strong> <a rel=\"noreferrer\">info@talleresboadilla.com<\/a><\/p><h4>Purpose of the Processing of Personal Data<\/h4><p>The personal data provided through the contact forms will be processed in order to manage and respond to queries made by users, as well as to keep them informed about our services, promotions and news related to Talleres Boadilla.<\/p><h4>Legitimation<\/h4><p>The legal basis for the processing of personal data is the explicit consent of the user when voluntarily submitting their data through the contact forms on this website.<\/p><h4>Recipients of Personal Data<\/h4><p>Personal data will not be disclosed or communicated to third parties, unless legally obliged to do so.<\/p><h4>User Rights<\/h4><p>Users may at any time exercise their rights of access, rectification, cancellation and opposition regarding their personal data, as well as the right to portability and limitation of processing, by sending a written request to the data controller at the address indicated above, or by email to <a rel=\"noreferrer\">info@talleresboadilla.com<\/a>.<\/p><h4>Retention of Personal Data<\/h4><p>Personal data will be kept for as long as they are necessary for the purpose for which they were collected or as long as the user does not revoke his or her consent.<\/p><h4>Security measures<\/h4><p>The necessary technical and organisational measures have been adopted to guarantee the security and integrity of the personal data, as well as to avoid its alteration, loss, processing or unauthorised access.<\/p><h4>Modification of the Privacy Policy<\/h4><p>The data controller reserves the right to modify this Privacy Policy in order to adapt it to new legislation or case law, as well as to industry practices. In the event of modifications, updates will be published on this website.<\/p><p>This Privacy Policy has been updated as of today's date.<\/p>\t\t\t\t\t\t\t\t<\/div>\n\t\t\t\t<\/div>\n\t\t\t\t\t<\/div>\n\t\t\t\t<\/div>\n\t\t\t\t<\/div>","protected":false},"excerpt":{"rendered":"<p>Pol\u00edtica de privacidad En cumplimiento con lo establecido en la normativa vigente en materia de protecci\u00f3n de datos personales, se informa a los usuarios que los datos personales recabados a trav\u00e9s de los formularios de contacto disponibles en este sitio web ser\u00e1n tratados conforme a lo dispuesto en la presente Pol\u00edtica de Privacidad. Responsable del [&hellip;]<\/p>\n","protected":false},"author":1,"featured_media":0,"parent":0,"menu_order":0,"comment_status":"closed","ping_status":"closed","template":"","meta":{"_joinchat":[],"footnotes":""},"class_list":["post-322","page","type-page","status-publish","hentry"],"_links":{"self":[{"href":"https:\/\/talleresboadilla.com\/en\/wp-json\/wp\/v2\/pages\/322","targetHints":{"allow":["GET"]}}],"collection":[{"href":"https:\/\/talleresboadilla.com\/en\/wp-json\/wp\/v2\/pages"}],"about":[{"href":"https:\/\/talleresboadilla.com\/en\/wp-json\/wp\/v2\/types\/page"}],"author":[{"embeddable":true,"href":"https:\/\/talleresboadilla.com\/en\/wp-json\/wp\/v2\/users\/1"}],"replies":[{"embeddable":true,"href":"https:\/\/talleresboadilla.com\/en\/wp-json\/wp\/v2\/comments?post=322"}],"version-history":[{"count":3,"href":"https:\/\/talleresboadilla.com\/en\/wp-json\/wp\/v2\/pages\/322\/revisions"}],"predecessor-version":[{"id":325,"href":"https:\/\/talleresboadilla.com\/en\/wp-json\/wp\/v2\/pages\/322\/revisions\/325"}],"wp:attachment":[{"href":"https:\/\/talleresboadilla.com\/en\/wp-json\/wp\/v2\/media?parent=322"}],"curies":[{"name":"wp","href":"https:\/\/api.w.org\/{rel}","templated":true}]}}