{"id":308,"date":"2024-07-02T01:57:44","date_gmt":"2024-07-01T23:57:44","guid":{"rendered":"https:\/\/talleresboadilla.com\/?page_id=308"},"modified":"2024-07-02T02:00:10","modified_gmt":"2024-07-02T00:00:10","slug":"legal-notice","status":"publish","type":"page","link":"https:\/\/talleresboadilla.com\/en\/legal-notice\/","title":{"rendered":"Legal notice"},"content":{"rendered":"<div data-elementor-type=\"wp-page\" data-elementor-id=\"308\" class=\"elementor elementor-308\" data-elementor-post-type=\"page\">\n\t\t\t\t<div class=\"elementor-element elementor-element-41d560e e-flex e-con-boxed e-con e-parent\" data-id=\"41d560e\" data-element_type=\"container\" data-e-type=\"container\">\n\t\t\t\t\t<div class=\"e-con-inner\">\n\t\t\t\t<div class=\"elementor-element elementor-element-55ec5f0 elementor-widget elementor-widget-heading\" data-id=\"55ec5f0\" data-element_type=\"widget\" data-e-type=\"widget\" data-widget_type=\"heading.default\">\n\t\t\t\t<div class=\"elementor-widget-container\">\n\t\t\t\t\t<h2 class=\"elementor-heading-title elementor-size-default\">Legal notice<\/h2>\t\t\t\t<\/div>\n\t\t\t\t<\/div>\n\t\t\t\t<div class=\"elementor-element elementor-element-849adf9 elementor-widget elementor-widget-text-editor\" data-id=\"849adf9\" data-element_type=\"widget\" data-e-type=\"widget\" data-widget_type=\"text-editor.default\">\n\t\t\t\t<div class=\"elementor-widget-container\">\n\t\t\t\t\t\t\t\t\t<p>In compliance with the duty to provide information established in Law 34\/2002, on Information Society Services and Electronic Commerce, the general information details of this website are given below:<\/p><p><strong>Headline:<\/strong> Half4Home SL<br \/><strong>NIF:<\/strong> 53394340R<br \/><strong>Trade Name:<\/strong> Boadilla Workshops<br \/><strong>Telephone:<\/strong> 680111350<br \/><strong>E-mail:<\/strong> <a rel=\"noreferrer\">info@talleresboadilla.com<\/a><\/p><p><strong>Today's Date:<\/strong> 1 July 2024<\/p><h3>Conditions of Use<\/h3><p>Access to and use of this website are subject to the following conditions of use. Use of this website implies full and unreserved acceptance of each and every one of the provisions included in this Legal Notice.<\/p><h3>Intellectual and Industrial Property<\/h3><p>The contents of this website, including, among others, texts, images, graphics, logos, icons, buttons, software, audio and video files, as well as its graphic design and source codes, are protected by Spanish and international laws on intellectual and industrial property. The total or partial reproduction of this website, its computer processing, public communication, distribution, dissemination, modification, transformation or decompilation, without the prior written permission of the owner, is expressly prohibited.<\/p><h3>Responsibility<\/h3><p>The owner of the website accepts no liability for any damages that may arise from the use of the information offered on this website or for the lack of accuracy or updating of the contents. The user is solely responsible for the use made of the services, contents, links and hypertext included on this website.<\/p><h3>Contact<\/h3><p>If you have any queries regarding this Legal Notice, you can contact us via email at <a rel=\"noreferrer\">info@talleresboadilla.com<\/a>.<\/p><p>This text complies with legal requirements and reflects the current information of the owner of the website \"Talleres Boadilla\".<\/p><p>\u00a0<\/p>\t\t\t\t\t\t\t\t<\/div>\n\t\t\t\t<\/div>\n\t\t\t\t\t<\/div>\n\t\t\t\t<\/div>\n\t\t\t\t<\/div>","protected":false},"excerpt":{"rendered":"<p>Aviso legal En cumplimiento con el deber de informaci\u00f3n establecido en la Ley 34\/2002, de Servicios de la Sociedad de la Informaci\u00f3n y del Comercio Electr\u00f3nico, a continuaci\u00f3n se indican los datos de informaci\u00f3n general de este sitio web: Titular: Half4Home SLNIF: 53394340RNombre Comercial: Talleres BoadillaTel\u00e9fono: 680111350Correo Electr\u00f3nico: info@talleresboadilla.com Fecha de Hoy: 1 de julio [&hellip;]<\/p>\n","protected":false},"author":1,"featured_media":0,"parent":0,"menu_order":0,"comment_status":"closed","ping_status":"closed","template":"","meta":{"_joinchat":[],"footnotes":""},"class_list":["post-308","page","type-page","status-publish","hentry"],"_links":{"self":[{"href":"https:\/\/talleresboadilla.com\/en\/wp-json\/wp\/v2\/pages\/308","targetHints":{"allow":["GET"]}}],"collection":[{"href":"https:\/\/talleresboadilla.com\/en\/wp-json\/wp\/v2\/pages"}],"about":[{"href":"https:\/\/talleresboadilla.com\/en\/wp-json\/wp\/v2\/types\/page"}],"author":[{"embeddable":true,"href":"https:\/\/talleresboadilla.com\/en\/wp-json\/wp\/v2\/users\/1"}],"replies":[{"embeddable":true,"href":"https:\/\/talleresboadilla.com\/en\/wp-json\/wp\/v2\/comments?post=308"}],"version-history":[{"count":9,"href":"https:\/\/talleresboadilla.com\/en\/wp-json\/wp\/v2\/pages\/308\/revisions"}],"predecessor-version":[{"id":318,"href":"https:\/\/talleresboadilla.com\/en\/wp-json\/wp\/v2\/pages\/308\/revisions\/318"}],"wp:attachment":[{"href":"https:\/\/talleresboadilla.com\/en\/wp-json\/wp\/v2\/media?parent=308"}],"curies":[{"name":"wp","href":"https:\/\/api.w.org\/{rel}","templated":true}]}}